{"id":21,"date":"2016-05-19T18:07:17","date_gmt":"2016-05-19T16:07:17","guid":{"rendered":"http:\/\/www.arminsabol.com\/?page_id=21"},"modified":"2016-07-04T19:26:32","modified_gmt":"2016-07-04T17:26:32","slug":"whatido","status":"publish","type":"page","link":"https:\/\/www.arminsabol.com\/index.php\/whatido\/","title":{"rendered":"What I do"},"content":{"rendered":"<div class=\"fcbkbttn_buttons_block\" id=\"fcbkbttn_left\"><div class=\"fcbkbttn_button\">\n\t\t\t\t\t<a href=\"https:\/\/www.facebook.com\/\" target=\"_blank\">\n\t\t\t\t\t\t<img src=\"https:\/\/i0.wp.com\/www.arminsabol.com\/wp-content\/plugins\/facebook-button-plugin\/images\/standard-facebook-ico.png?w=900&#038;ssl=1\" alt=\"Fb-Button\" data-recalc-dims=\"1\" \/>\n\t\t\t\t\t<\/a>\n\t\t\t\t<\/div><div class=\"fcbkbttn_like \"><fb:like href=\"https:\/\/www.arminsabol.com\/index.php\/whatido\/\" action=\"like\" colorscheme=\"light\" layout=\"standard\"  width=\"225px\" size=\"small\"><\/fb:like><\/div><\/div><p>Seit meinem 20. Lebensjahr bin ich professioneller Gitarrist und arbeite im Studio sowie live. Schon relativ bald kamen, neben dem Unterrichten, T\u00e4tigkeiten als Komponist,\u00a0 Musikproduzent und Arrangeur hinzu. Des weiteren habe ich als Journalist f\u00fcr diverse Zeitschriften gearbeitet und bin als Co-Autor an einer Buchver\u00f6ffentlichung beteiligt. Die Tontr\u00e4ger, an denen ich in mitgewirkt habe, wurden weltweit ca. 14 Millionen mal verkauft und haben mir vier goldene Schallplatten aus Deutschland, \u00d6sterreich und Kanada eingebracht. In meinem Shivasound Projekt-Studio in Stuttgart wird regelm\u00e4\u00dfig hochwertige Pop- und Rockmusik umgesetzt. Von mir komponierte und produzierte St\u00fccke wurden und werden weltweit regelm\u00e4\u00dfig in Radio und TV eingesetzt. Ob Oprah Winfrey Show, Pawn Stars oder Auction Hunters, in allen dieser TV-Formate wurde &#8211; neben den Popsongs diverser K\u00fcnstler, an denen ich mitgewirkt habe (z.B. &#8220;Major Tom&#8221;, Peter Schilling) im Radio gespielt werden &#8211;\u00a0 Musik von mir verwendet. Wenn ich also auch Ihrem Projekt in irgend einer Form weiter helfen kann, sei es als Gitarrist, Producer, Arrangeur oder Komponist, melden Sie sich gerne einfach \u00fcber das Contact-Formular.<\/p>\n<p>Since my age of 20 I am a professional guitarist, working in the studio and live. Relatively soon, alongside the teaching, I have started my activities as a composer, music producer and arranger. Furthermore, I have worked as a journalist for various magazines and am involved as a co-author of a book publication. The recordings, which I have participated in, were sold about 14 million copies worldwide and rewarded me with four gold records from Germany, Austria and Canada. In my Shivasound project-studio in Stuttgart I produce and record high quality pop and rock music regularly. The titles I write and produce can be heard on radio and TV, worldwide. Whether the Oprah Winfrey Show, Pawn Stars or Auction Hunters, my music has been used on all of them &#8211; besides the pop songs I have contributed my work on, such as &#8220;Major Tom&#8221; (Peter Schillin) and many more. If I can serve your project in any way, either as guitar player, producer, arranger or composer, please feel free to simply contact me via the contact-form.<\/p>\n<div id=\"gt-lang-submit\"><\/div>\n","protected":false},"excerpt":{"rendered":"<p>Seit meinem 20. Lebensjahr bin ich professioneller Gitarrist und arbeite im Studio sowie live. Schon relativ bald kamen, neben dem<\/p>\n","protected":false},"author":1,"featured_media":0,"parent":0,"menu_order":0,"comment_status":"closed","ping_status":"closed","template":"","meta":{"spay_email":""},"yoast_head":"<!-- This site is optimized with the Yoast SEO plugin v18.4.1 - https:\/\/yoast.com\/wordpress\/plugins\/seo\/ -->\n<title>What I do - Armin Sabol<\/title>\n<meta name=\"robots\" content=\"index, follow, max-snippet:-1, max-image-preview:large, max-video-preview:-1\" \/>\n<link rel=\"canonical\" href=\"https:\/\/www.arminsabol.com\/index.php\/whatido\/\" \/>\n<meta property=\"og:locale\" content=\"en_US\" \/>\n<meta property=\"og:type\" content=\"article\" \/>\n<meta property=\"og:title\" content=\"What I do - Armin Sabol\" \/>\n<meta property=\"og:description\" content=\"Seit meinem 20. Lebensjahr bin ich professioneller Gitarrist und arbeite im Studio sowie live. Schon relativ bald kamen, neben dem\" \/>\n<meta property=\"og:url\" content=\"https:\/\/www.arminsabol.com\/index.php\/whatido\/\" \/>\n<meta property=\"og:site_name\" content=\"Armin Sabol\" \/>\n<meta property=\"article:modified_time\" content=\"2016-07-04T17:26:32+00:00\" \/>\n<meta name=\"twitter:card\" content=\"summary\" \/>\n<meta name=\"twitter:label1\" content=\"Est. reading time\" \/>\n\t<meta name=\"twitter:data1\" content=\"2 minutes\" \/>\n<script type=\"application\/ld+json\" class=\"yoast-schema-graph\">{\"@context\":\"https:\/\/schema.org\",\"@graph\":[{\"@type\":\"WebSite\",\"@id\":\"https:\/\/www.arminsabol.com\/#website\",\"url\":\"https:\/\/www.arminsabol.com\/\",\"name\":\"Armin Sabol\",\"description\":\"Armin Sabol&#039;s Website\",\"potentialAction\":[{\"@type\":\"SearchAction\",\"target\":{\"@type\":\"EntryPoint\",\"urlTemplate\":\"https:\/\/www.arminsabol.com\/?s={search_term_string}\"},\"query-input\":\"required name=search_term_string\"}],\"inLanguage\":\"en-US\"},{\"@type\":\"WebPage\",\"@id\":\"https:\/\/www.arminsabol.com\/index.php\/whatido\/#webpage\",\"url\":\"https:\/\/www.arminsabol.com\/index.php\/whatido\/\",\"name\":\"What I do - Armin Sabol\",\"isPartOf\":{\"@id\":\"https:\/\/www.arminsabol.com\/#website\"},\"datePublished\":\"2016-05-19T16:07:17+00:00\",\"dateModified\":\"2016-07-04T17:26:32+00:00\",\"breadcrumb\":{\"@id\":\"https:\/\/www.arminsabol.com\/index.php\/whatido\/#breadcrumb\"},\"inLanguage\":\"en-US\",\"potentialAction\":[{\"@type\":\"ReadAction\",\"target\":[\"https:\/\/www.arminsabol.com\/index.php\/whatido\/\"]}]},{\"@type\":\"BreadcrumbList\",\"@id\":\"https:\/\/www.arminsabol.com\/index.php\/whatido\/#breadcrumb\",\"itemListElement\":[{\"@type\":\"ListItem\",\"position\":1,\"name\":\"Home\",\"item\":\"https:\/\/www.arminsabol.com\/\"},{\"@type\":\"ListItem\",\"position\":2,\"name\":\"What I do\"}]}]}<\/script>\n<!-- \/ Yoast SEO plugin. -->","yoast_head_json":{"title":"What I do - Armin Sabol","robots":{"index":"index","follow":"follow","max-snippet":"max-snippet:-1","max-image-preview":"max-image-preview:large","max-video-preview":"max-video-preview:-1"},"canonical":"https:\/\/www.arminsabol.com\/index.php\/whatido\/","og_locale":"en_US","og_type":"article","og_title":"What I do - Armin Sabol","og_description":"Seit meinem 20. Lebensjahr bin ich professioneller Gitarrist und arbeite im Studio sowie live. Schon relativ bald kamen, neben dem","og_url":"https:\/\/www.arminsabol.com\/index.php\/whatido\/","og_site_name":"Armin Sabol","article_modified_time":"2016-07-04T17:26:32+00:00","twitter_card":"summary","twitter_misc":{"Est. reading time":"2 minutes"},"schema":{"@context":"https:\/\/schema.org","@graph":[{"@type":"WebSite","@id":"https:\/\/www.arminsabol.com\/#website","url":"https:\/\/www.arminsabol.com\/","name":"Armin Sabol","description":"Armin Sabol&#039;s Website","potentialAction":[{"@type":"SearchAction","target":{"@type":"EntryPoint","urlTemplate":"https:\/\/www.arminsabol.com\/?s={search_term_string}"},"query-input":"required name=search_term_string"}],"inLanguage":"en-US"},{"@type":"WebPage","@id":"https:\/\/www.arminsabol.com\/index.php\/whatido\/#webpage","url":"https:\/\/www.arminsabol.com\/index.php\/whatido\/","name":"What I do - Armin Sabol","isPartOf":{"@id":"https:\/\/www.arminsabol.com\/#website"},"datePublished":"2016-05-19T16:07:17+00:00","dateModified":"2016-07-04T17:26:32+00:00","breadcrumb":{"@id":"https:\/\/www.arminsabol.com\/index.php\/whatido\/#breadcrumb"},"inLanguage":"en-US","potentialAction":[{"@type":"ReadAction","target":["https:\/\/www.arminsabol.com\/index.php\/whatido\/"]}]},{"@type":"BreadcrumbList","@id":"https:\/\/www.arminsabol.com\/index.php\/whatido\/#breadcrumb","itemListElement":[{"@type":"ListItem","position":1,"name":"Home","item":"https:\/\/www.arminsabol.com\/"},{"@type":"ListItem","position":2,"name":"What I do"}]}]}},"_links":{"self":[{"href":"https:\/\/www.arminsabol.com\/index.php\/wp-json\/wp\/v2\/pages\/21"}],"collection":[{"href":"https:\/\/www.arminsabol.com\/index.php\/wp-json\/wp\/v2\/pages"}],"about":[{"href":"https:\/\/www.arminsabol.com\/index.php\/wp-json\/wp\/v2\/types\/page"}],"author":[{"embeddable":true,"href":"https:\/\/www.arminsabol.com\/index.php\/wp-json\/wp\/v2\/users\/1"}],"replies":[{"embeddable":true,"href":"https:\/\/www.arminsabol.com\/index.php\/wp-json\/wp\/v2\/comments?post=21"}],"version-history":[{"count":10,"href":"https:\/\/www.arminsabol.com\/index.php\/wp-json\/wp\/v2\/pages\/21\/revisions"}],"predecessor-version":[{"id":233,"href":"https:\/\/www.arminsabol.com\/index.php\/wp-json\/wp\/v2\/pages\/21\/revisions\/233"}],"wp:attachment":[{"href":"https:\/\/www.arminsabol.com\/index.php\/wp-json\/wp\/v2\/media?parent=21"}],"curies":[{"name":"wp","href":"https:\/\/api.w.org\/{rel}","templated":true}]}}