{"id":2,"date":"2016-05-14T14:43:48","date_gmt":"2016-05-14T12:43:48","guid":{"rendered":"http:\/\/www.arminsabol.com\/?page_id=2"},"modified":"2023-01-24T19:31:54","modified_gmt":"2023-01-24T18:31:54","slug":"bio","status":"publish","type":"page","link":"https:\/\/www.arminsabol.com\/index.php\/bio\/","title":{"rendered":"Bio"},"content":{"rendered":"<div class=\"fcbkbttn_buttons_block\" id=\"fcbkbttn_left\"><div class=\"fcbkbttn_button\">\n\t\t\t\t\t<a href=\"https:\/\/www.facebook.com\/\" target=\"_blank\">\n\t\t\t\t\t\t<img src=\"https:\/\/i0.wp.com\/www.arminsabol.com\/wp-content\/plugins\/facebook-button-plugin\/images\/standard-facebook-ico.png?w=900&#038;ssl=1\" alt=\"Fb-Button\" data-recalc-dims=\"1\" \/>\n\t\t\t\t\t<\/a>\n\t\t\t\t<\/div><div class=\"fcbkbttn_like \"><fb:like href=\"https:\/\/www.arminsabol.com\/index.php\/bio\/\" action=\"like\" colorscheme=\"light\" layout=\"standard\"  width=\"225px\" size=\"small\"><\/fb:like><\/div><\/div><p>(English version see below)<\/p>\n<p>1977 gr\u00fcndet Armin Sabol mit Mat Sinner die Band SHIVA. Zusammen mit unterschiedlichen Drummern tourt das junge Heavy-Rock Trio vor allem in S\u00fcddeutschland. Gigs im Vorprogramm von <a title=\"Whitesnake\" href=\"https:\/\/de.wikipedia.org\/wiki\/Whitesnake\">Whitesnake<\/a>, <a class=\"mw-redirect\" title=\"Colosseum II\" href=\"https:\/\/de.wikipedia.org\/wiki\/Colosseum_II\">Colosseum II <\/a>( featuring <a title=\"Jon Hiseman\" href=\"https:\/\/de.wikipedia.org\/wiki\/Jon_Hiseman\">Jon Hiseman<\/a> , <a title=\"Gary Moore\" href=\"https:\/\/de.wikipedia.org\/wiki\/Gary_Moore\">Gary Moore \u00a0<\/a> <a title=\"Don Airey\" href=\"https:\/\/de.wikipedia.org\/wiki\/Don_Airey\">Don Airey<\/a> ) und <a title=\"Nina Hagen\" href=\"https:\/\/de.wikipedia.org\/wiki\/Nina_Hagen\">Nina Hagen<\/a> verschaffen der jungen Band schnell eine Fanbase. Zur Ver\u00f6ffentlichung eines Albums kommt es aber nicht, SHIVA l\u00f6st sich 1981 auf. Erst nach einer vor\u00fcbergehenden Reunion anl\u00e4sslich einer Benefizveranstaltung erscheint im Jahr 2007 das Album Goddess SHIVA.<\/p>\n<p>Im Jahr 1981 trifft Armin den bis dato unbekannten S\u00e4nger Pierre Schilling. Nach einigen Demos in Schillings altem Schlager-Stil schl\u00e4gt Sabol vor, musikalisch v\u00f6llig neue Wege zu gehen und Elemente von New Wave und NDW aufzugreifen. Bereits nach dem ersten Demo in dem Stil ist Schillings Verlag Peer Music in Hamburg komplett aus dem H\u00e4uschen und regt an, ein Album zu produzieren. Binnen weniger Monate sind alle Titel zusammen. Nachdem Peer Music keinen geeigneten Produzenten findet, besinnt man sich darauf, wie gut die Demos klingen und \u00fcberl\u00e4sst die Produktion dem Team Schilling\/Sabol selbst. Das <a title=\"Peter Schilling\" href=\"https:\/\/de.wikipedia.org\/wiki\/Peter_Schilling\">Peter Schilling<\/a> Album &#8220;Fehler im System&#8221; erscheint im Herbst 1982. Die erste Single &#8220;Major Tom (V\u00f6llig Losgel\u00f6st&#8221; kracht Anfang 1983 in die Charts, klettert auf #1 und bleibt dort f\u00fcr 8 Wochen. Die Nachfolgesingles &#8220;Die W\u00fcste lebt&#8221;, &#8220;Fehler im System&#8221;, &#8220;Terra Titanic&#8221; und &#8220;Hitze der Nacht&#8221; charten ebenso wie Schillings zweites Album &#8220;120 Grad&#8221;. 1984 wird die amerikanische Plattenfirma Elektra auf das Projekt aufmerksam. Es folgen weltweite Ver\u00f6ffentlichungen der beiden Alben auf Englisch. In Amerika erreicht &#8220;Major Tom (Coming Home&#8221; #14 der Billboard Charts, die Extenden Version geht in den dortigen Dance Charts sogar auf #1. Das Album &#8220;Error in the System&#8221; geht in Kanada auf Gold, die Single &#8220;Major Tom&#8221; schafft neben Deutschland auch in Kanada und \u00d6sterreich ebenfalls Gold. Unter dem Motto &#8220;40 Jahre Major Tom&#8221; wird Warner Music im M\u00e4rz 2023 eine umfangreiche Fan Edition des Materials von Peter Schilling ver\u00f6ffentlichen. Armin wird dabei f\u00fcr die Ums\u00e4tze der letzten Jahrzehnte nachtr\u00e4glich ein weiteres Gold Album sowie eine Doppelplatin Single verliegen werden.<\/p>\n<p>Ab Mitte der 80er produzierte Armin Sabol Bands wie <a title=\"Rage (Band)\" href=\"https:\/\/de.wikipedia.org\/wiki\/Rage_%28Band%29\">Rage<\/a>, <a title=\"Sinner (Band)\" href=\"https:\/\/de.wikipedia.org\/wiki\/Sinner_%28Band%29\">Sinner<\/a> und <a title=\"Pyracanda\" href=\"https:\/\/de.wikipedia.org\/wiki\/Pyracanda\">Pyracanda<\/a>. Weiterhin arbeitete zus\u00e4tzlich als als Journalist (u.a. Titelstories f\u00fcr Fachblatt Musik Magazin mit Acts wie <a class=\"mw-redirect\" title=\"Edward Van Halen\" href=\"https:\/\/de.wikipedia.org\/wiki\/Edward_Van_Halen\">\u00a0Van Halen, Brian Setzer<\/a>\u00a0 oder <a title=\"Slash (Musiker)\" href=\"https:\/\/de.wikipedia.org\/wiki\/Slash_%28Musiker%29\">Slash<\/a>) und Buchautor (&#8220;Fit f\u00fcrs Musikbusiness&#8221;).<\/p>\n<p>Als Studiomusiker auf St\u00fccken von <a title=\"Hazel O\u2019Connor\" href=\"https:\/\/de.wikipedia.org\/wiki\/Hazel_O%E2%80%99Connor\">Hazel O\u2019Connor<\/a>, <a title=\"Mick Jackson\" href=\"https:\/\/de.wikipedia.org\/wiki\/Mick_Jackson\">Mick Jackson<\/a> und <a title=\"Eric Burdon\" href=\"https:\/\/de.wikipedia.org\/wiki\/Eric_Burdon\">Eric Burdon<\/a> zu h\u00f6ren. In den 1990er Jahren arbeitete er mit der <a title=\"Hip-Hop\" href=\"https:\/\/de.wikipedia.org\/wiki\/Hip-Hop\">Hip-Hop<\/a>-Band <a title=\"Die Fantastischen Vier\" href=\"https:\/\/de.wikipedia.org\/wiki\/Die_Fantastischen_Vier\">Die Fantastischen Vier<\/a> zusammen, als Gitarrist auf dem Titelst\u00fcck &#8220;<i>4 gewinnt&#8221;<\/i> sowie als Gitarrist, Bassist und Co-Autor des Titels <i>Genug ist genug <\/i>(Album &#8220;<i>4. Dimension&#8221;)<\/i>. Die feurigen Gitarrensoli Sabols pr\u00e4gten 2007 den mittlerweile fest zum Live-Repertoire der Fanta 4 geh\u00f6renden <i>Schweinerock Mix<\/i> der Single <i>Ernten was wir s\u00e4en<\/i>. Neben der Mitwirkung von Singles von <a title=\"Camouflage (Band)\" href=\"https:\/\/de.wikipedia.org\/wiki\/Camouflage_%28Band%29\">Camouflage<\/a> (<i>Thieves<\/i>) und <a title=\"Thomas D\" href=\"https:\/\/de.wikipedia.org\/wiki\/Thomas_D\">Thomas D<\/a> (<i>Get on Board (Remix)<\/i>) komponiert und produziert er seit Mitte der Neunziger regelm\u00e4\u00dfig Instrumentalmusik zur Verwertung in Fernsehen, Film und Werbung, u.a. f\u00fcr den weltweit agierenden Productionmusic Verlag <a title=\"Sonoton\" href=\"https:\/\/de.wikipedia.org\/wiki\/Sonoton\">Sonoton<\/a>. So wurde Armin Sabols Musik z.B. bereits in so bekannten TV-Produktionen wie der Oprah Winfrey Show, the Mentalist oder Pawn Stars verwendet.<\/p>\n<p>2002 erschien sein erstes Solo-Album <i>Wah,Wah,Wah<\/i>, 2007 <i>Goddess SHIVA,<\/i> 2009 die EP <i>Shredding the Blues<\/i> mit seinem Bluesrock-Trio &#8220;Armin Sabol &amp; Red Hot&#8221;, sowie das Album &#8220;Rock the ClassiX&#8221; (2013) Sabol betreibt in Stuttgart ein eigenes Musikstudio und trat von 2005 bis 2021 regelm\u00e4\u00dfig mit der Partyband <i><a title=\"Die Lollies\" href=\"https:\/\/de.wikipedia.org\/wiki\/Die_Lollies\">Die Lollies<\/a><\/i> auf, die im Jahr 1999 mit &#8220;Wahnisnn, H\u00f6lle,H\u00f6lle&#8221; einen gro\u00dfen Hit landen konnten.<\/p>\n<p>In der ZDF-Sendung <i><a title=\"Vier sind das Volk\" href=\"https:\/\/de.wikipedia.org\/wiki\/Vier_sind_das_Volk\">Vier sind das Volk<\/a><\/i>, eine Polit-Impro-Show mit <a title=\"Wigald Boning\" href=\"https:\/\/de.wikipedia.org\/wiki\/Wigald_Boning\">Wigald Boning<\/a> als Moderator (Originalformat <i>If I Ruled the World<\/i>), wurde in den Jahren 2014\/15 in allen Follgen Sabols Comedy-Version der deutschen Nationalhymne (erschienen auf <a title=\"Sonoton\" href=\"https:\/\/de.wikipedia.org\/wiki\/Sonoton\">Sonoton<\/a>) als Titelmusik eingesetzt.<\/p>\n<p>Nach einigen Jahren, in denen er sich aufs Komponieren und Produzieren von Production Music konzentrierte, trat seine erste musikalische Liebe, der Blues Rock, wieder in Armin Sabols Leben. Der Wunsch, ein Solo-Album in dem Stil zu ver\u00f6ffentlichen, der ihn als jungen Gitarristen stark gepr\u00e4gt hatte, wurde immer st\u00e4rker. Mit Yellow Muffin Records fand er ein Label, das die Musik unbedingt ver\u00f6ffentlichen wollte. So erschienen, begleitet von hervorragender Presse und Medienresonanz, im Herbst 2021 die beiden Vorab-Singles &#8220;Got Her In A Bag&#8221; und &#8220;Going Down&#8221; und im Fr\u00fchjahr 2022 &#8220;Bad Harvest&#8221;, alle mitsamt YouTube-Videos. Das Album &#8220;Back in Blue&#8221; erscheint am 01.04.2022. Die Flagschiff-Single dazu ist der ZZ Top Klassiker &#8220;Sharp Dressed Man&#8221;.<\/p>\n<p>Nach dem energetischen Auftritt bei den renommierten Gitarrentagen Schorndorf &#8217;22 entschied man sich den exquisiten Mitschnitt als Album &#8220;Ready To Roll &#8211; Live at Gitarrentage Schorndorf&#8221; zu ver\u00f6ffentlichen. Es erscheint am 02.12.2022 auf Yello Muffin Records (SPV).<\/p>\n<p>Die vorab auf YouTube ver\u00f6ffentlichten Live Videos davon konnten so sehr \u00fcberzeugen, dass eine erste internationale Anfrage folgte. Daraufhin wurde Armin Sabol mit seiner Band f\u00fcr die Teilnahme am 27. August 2023 am internationalen &#8220;Blues In The Garden&#8221; Festival in D\u0103rm\u0103ne\u0219ti (Rum\u00e4nien) verpflichtet.<\/p>\n<p>English version:<\/p>\n<p><span lang=\"en\">In the year 1977 Armin Sabol founded the Band SHIVA\u00a0 together with bandmate Mat Sinner. The youngster&#8217;s heavy rock trio toured southern Germany with different drummers. Gigs opening for Whitesnake, Colosseum II (featuring Jon Hiseman, Gary Moore Don Airey) and Nina Hagen quickly helped the band build a strong fan base. SHIVA split up in 1981 without having released an album. Still,\u00a0 after a temporary reunion on behalf of a charity event in 2007, the album Goddess SHIVA was released the same year.<br \/>\n<\/span><\/p>\n<p><span id=\"result_box\" class=\"\" lang=\"en\"><span title=\"Im Jahr 1981 trifft Armin den bis dato unbekannten S\u00e4nger Pierre Schilling.\">In 1981 Armin met the previously unknown singer Pierre Schilling. <\/span><span title=\"Nach einigen Demos in Schillings altem Schlager-Stil schl\u00e4gt Sabol vor, musikalisch v\u00f6llig neue Wege zu gehen und Elemente von New Wave und NDW aufzugreifen.\">After a few demos in Schillings old &#8220;Schlager&#8221; style Sabol suggested a drastic musical change and take up elements of New Wave and &#8220;Neue Deutsche Welle&#8221; (NDW). <\/span><span title=\"Bereits nach dem ersten Demo in dem Stil ist Schillings Verlag Peer Music in Hamburg komplett aus dem H\u00e4uschen und regt an, ein Album zu produzieren.\">After the first demo in this style Schillings publisher Peermusic in Hamburg freaked out and encouraged the team to put together an album. <\/span><span title=\"Binnen weniger Monate sind alle Titel zusammen.\">Within a few months, all titles were done. <\/span><span title=\"Nachdem Peer Music keinen geeigneten Produzenten findet, besinnt man sich darauf, wie gut die Demos klingen und \u00fcberl\u00e4sst die Produktion dem Team Schilling\/Sabol selbst. Das Peter Schilling Album \u201cFehler im System\u201d erscheint im Herbst 1982. Die erste Single \u201cMajor Tom (\">After Peermusic could not find a suitable producer they suggested to leave the production up\u00a0 to Schilling and Sabol, since the 4-track demos sounded so well and already &#8220;had it all&#8221;. The Peter Schilling Album &#8220;error in the system&#8221; was released in the fall of 1982. The first single, &#8220;Major Tom (V\u00f6llig losgel\u00f6st<\/span><span title=\"V\u00f6llig Losgel\u00f6st\u201d kracht Anfang 1983 in die Charts, klettert auf #1 und bleibt dort f\u00fcr 8 Wochen. Die Nachfolgesingles \u201cDie W\u00fcste lebt\u201d, \u201cFehler im System\u201d, \u201cTerra Titanic\u201d und \u201cHitze der Nacht\u201d charten ebenso wie Schillings zweites\">&#8220;) crashed into the charts in early 1983, climbing up to # 1 and staying there for 8 weeks. The follow-up singles &#8220;Die W\u00fcste lebt&#8221;, &#8220;Fehler im System&#8221;, &#8220;Terra Titanic&#8221; und &#8220;Hitze der Nacht&#8221; all went into the charts, just as well as Schillings second <\/span><span title=\"Album \u201c120 Grad\u201d. 1984 wird die amerikanische Plattenfirma Elektra auf das Projekt aufmerksam. Es folgen weltweite Ver\u00f6ffentlichungen der beiden Alben auf Englisch. In Amerika erreicht \u201cMajor Tom (Coming Home\u201d #14 der Billboard Charts, die Extenden Version geht in den dortigen\">album &#8220;120 Grad&#8221;. In 1984, the American record company Elektra got attracted by the project. This led to worldwide releases of Schilling&#8217;s albums &#8220;Error in the System&#8221; and &#8220;Things to Come&#8221; (English version of &#8220;120 Grad&#8221;) in English. The single &#8220;Major Tom (Coming Home&#8221; reached # 14 on the Billboard charts, the extendended version even went on<\/span><span title=\"Dance Charts sogar auf #1. Das Album \u201cError in the System\u201d geht in Kanada auf Gold, die Single \u201cMajor Tom\u201d schafft neben Deutschland auch in Kanada und \u00d6sterreich ebenfalls Gold. Nach pers\u00f6nlichen und musikalischen Differenzen endet die Zusammenrbeit 1985. \"> # 1 in the US-Dance Charts. The album &#8220;Error in the system&#8221; reached a gold status in Canada, just like the single &#8220;Major Tom&#8221; in Germany, Austria and Canada. To honour &#8220;40 Years of Major Tom&#8221; Warner Music will release a fan-edition of Schilling&#8217;s music. Armin is going to receive another Gold Album and a Double Platinum Single for the ongoing sales of the recent decades.\u00a0<\/span><\/span><\/p>\n<p><span title=\"Ab Mitte der 80er produzierte Armin Sabol Bands wie Rage, Sinner und Pyracanda.\">From the mid-80s Armin Sabol produced Metalbands like Rage, Sinner and Pyracanda. <\/span><span title=\"Weiterhin arbeitete zus\u00e4tzlich als als Journalist (u.a. Titelstories f\u00fcr Fachblatt Musik Magazin mit den Gitarristen Edward Van Halen oder Slash) und Buchautor (\u201cFit f\u00fcrs Musikbusiness\u201d). \">Furthermore, he started additional activities as a journalist, among others with title stories with guitar icons Edward Van Halen, Brian Setzer or Slash for the German &#8220;Fachblatt&#8221; music magazine. Furthermore he published a book as Co-author, &#8220;Fit f\u00fcrs Music Business&#8221;.<\/span><\/p>\n<p><span title=\"Als Studiomusiker auf St\u00fccken von Hazel O\u2019Connor, Mick Jackson und Eric Burdon zu h\u00f6ren.\">As a studio guitarist Armin Sabol can be heard on countless albums. Amongst many others he has worked with Hazel O&#8217;Connor, Mick Jackson and Eric Burdon. <\/span><span title=\"In den 1990er Jahren arbeitete er mit der Hip-Hop-Band Die Fantastischen Vier zusammen, als Gitarrist auf dem Titelst\u00fcck \u201c4 gewinnt\u201d sowie als Gitarrist, Bassist und Co-Autor des Titels Genug ist genug (Album \u201c4. Dimension\u201d).\">In the 1990s he played on albums of the German Hip Hop supergroup &#8220;Die fantastischen 4&#8221;. He tracked the guitar on their title track &#8220;Vier gewinnt&#8221;, as well as on &#8220;Genug ist genug&#8221; from their album &#8220;4. Dimension&#8221;, where he laid down the guitar and bass tracks and co-wrote the composition. Armin Sabol&#8217;s furious <\/span><span title=\"Die feurigen Gitarrensoli Sabols pr\u00e4gten 2007 den mittlerweile fest zum Live-Repertoire der Fanta 4 geh\u00f6renden Schweinerock Mix der Single Ernten was wir s\u00e4en.\">guitar on the &#8220;Ernten was wir s\u00e4en (Schweinerock Mix)&#8221; have set the track on fire. The &#8220;Fanta 4&#8221; are still finishing their live shows with the furious version of that song.\u00a0 Furthermore Armin<\/span><span title=\"Neben der Mitwirkung von Singles von Camouflage (Thieves) und Thomas D (Get on Board (Remix)) komponiert und produziert er seit Mitte der Neunziger regelm\u00e4\u00dfig Instrumentalmusik zur Verwertung in Fernsehen, Film und Werbung, u.a.\"> participated on singles of the German synth-pop band Camouflage or Hip Hop icon Thomas D.<\/span><\/p>\n<p><span title=\"Neben der Mitwirkung von Singles von Camouflage (Thieves) und Thomas D (Get on Board (Remix)) komponiert und produziert er seit Mitte der Neunziger regelm\u00e4\u00dfig Instrumentalmusik zur Verwertung in Fernsehen, Film und Werbung, u.a.\">From the early nineties onwards Sabol is writing and producing instrumental production music for worldwide usage in television, film and advertising, amongst others<\/span><span title=\"f\u00fcr den weltweit agierenden Productionmusic Verlag Sonoton. \"> Sonoton music. His music has been used on big TV shows like the Oprah Winfrey Show, the Mentalist, Pawn Stars and many more.<br \/>\n<\/span><\/p>\n<p><span title=\"2002 erschien sein erstes Solo-Album Wah,Wah,Wah, 2007 Goddess SHIVA, 2009 die EP Shredding the Blues mit seinem Bluesrock-Trio \u201cArmin Sabol &amp; Red Hot\u201d, sowie das Album \u201cRock the ClassiX\u201d (2013) Sabol betreibt in\">In 2002 Armin released his first solo album Wah, wah, wah, followed by the album &#8220;Goddess Shiva&#8221; in 2007, the EP Shredding the Blues (2009) with his blues-rock trio &#8220;Armin Sabol &amp; Red Hot&#8221;, and the album &#8220;Rock the ClassiX&#8221; (2013) Sabol is running <\/span><span title=\"Stuttgart ein eigenes Musikstudio und tritt seit 2005 regelm\u00e4\u00dfig mit der Partyband Die Lollies auf, die im Jahr 1999 mit \u201cWahnisnn, H\u00f6lle,H\u00f6lle\u201d einen gro\u00dfen Hit landen konnten. \">a small but effective music studio in Stuttgart and is playing live regularly since 2005 with the party band die Lollies, which had a major hit in 1999 with &#8220;Wahnisnn, H\u00f6lle, H\u00f6lle&#8221;.<\/span><\/p>\n<p><span title=\"In der ZDF-Sendung Vier sind das Volk, eine Polit-Impro-Show mit Wigald Boning als Moderator (Originalformat If I Ruled the World), wurde in den Jahren 2014\/15 in allen Follgen Sabols Comedy-Version der deutschen Nationalhymne (erschienen auf\">In 2014 &amp; 15 the german TV Show &#8220;Vier sind das Volk&#8221; (original format &#8220;If I Ruled the World&#8221;) used Sabols comedy version of the German National Anthem in all episodes <\/span><span title=\"Sonoton) als Titelmusik eingesetzt.\">as theme music.<\/span><\/p>\n<p>After some years of working on Production Music konzentrierte, his first musical love reappeared in Armin Sabol&#8217;s life: Blues Rock. The wish to release a Solo-Album in the musical style that shaped him in his early years became ever stronger. With Yellow Muffin Records he found a label that was excited about the recordings and wanted to release them. In the fall of 2021 the Singles &#8220;Got Her In A Bag&#8221; and &#8220;Going Down&#8221; were released. In early 2022 &#8220;Bad Harvest&#8221; followed, all of them including YouTube-Videos and flanked by extraordinrily positive Press and Media response. The Album &#8220;Back in Blue&#8221; release date is 01.04.2022. The Flaship-Single with the album will be the ZZ Top classic &#8220;Sharp Dressed Man&#8221;.<\/p>\n<p>After the energetic live schow at the renowned festival &#8220;Gitarrentage Schorndorf&#8221; it was clear that the brilliant live recording has to be released on an album. &#8220;Ready To Roll &#8211; Live at Gitarrentage Schorndorf&#8221; is going to be released on Dec., 2nd. 2022 on Yellow Muffin Records (SPV).<\/p>\n<p>The previously released live videos from the same show on YouTube led to the first international show for Armin Sabol &amp; Band at the renowed &#8220;Blues In The Garden&#8221; festival on Aug., 27th. 2023 in D\u0103rm\u0103ne\u0219ti (Romania).<\/p>\n","protected":false},"excerpt":{"rendered":"<p>(English version see below) 1977 gr\u00fcndet Armin Sabol mit Mat Sinner die Band SHIVA. Zusammen mit unterschiedlichen Drummern tourt das<\/p>\n","protected":false},"author":1,"featured_media":0,"parent":0,"menu_order":20,"comment_status":"closed","ping_status":"closed","template":"","meta":{"spay_email":""},"yoast_head":"<!-- This site is optimized with the Yoast SEO plugin v18.4.1 - https:\/\/yoast.com\/wordpress\/plugins\/seo\/ -->\n<title>Bio - Armin Sabol<\/title>\n<meta name=\"robots\" content=\"index, follow, max-snippet:-1, max-image-preview:large, max-video-preview:-1\" \/>\n<link rel=\"canonical\" href=\"https:\/\/www.arminsabol.com\/index.php\/bio\/\" \/>\n<meta property=\"og:locale\" content=\"en_US\" \/>\n<meta property=\"og:type\" content=\"article\" \/>\n<meta property=\"og:title\" content=\"Bio - Armin Sabol\" \/>\n<meta property=\"og:description\" content=\"(English version see below) 1977 gr\u00fcndet Armin Sabol mit Mat Sinner die Band SHIVA. Zusammen mit unterschiedlichen Drummern tourt das\" \/>\n<meta property=\"og:url\" content=\"https:\/\/www.arminsabol.com\/index.php\/bio\/\" \/>\n<meta property=\"og:site_name\" content=\"Armin Sabol\" \/>\n<meta property=\"article:modified_time\" content=\"2023-01-24T18:31:54+00:00\" \/>\n<meta name=\"twitter:card\" content=\"summary\" \/>\n<meta name=\"twitter:label1\" content=\"Est. reading time\" \/>\n\t<meta name=\"twitter:data1\" content=\"8 minutes\" \/>\n<script type=\"application\/ld+json\" class=\"yoast-schema-graph\">{\"@context\":\"https:\/\/schema.org\",\"@graph\":[{\"@type\":\"WebSite\",\"@id\":\"https:\/\/www.arminsabol.com\/#website\",\"url\":\"https:\/\/www.arminsabol.com\/\",\"name\":\"Armin Sabol\",\"description\":\"Armin Sabol&#039;s Website\",\"potentialAction\":[{\"@type\":\"SearchAction\",\"target\":{\"@type\":\"EntryPoint\",\"urlTemplate\":\"https:\/\/www.arminsabol.com\/?s={search_term_string}\"},\"query-input\":\"required name=search_term_string\"}],\"inLanguage\":\"en-US\"},{\"@type\":\"WebPage\",\"@id\":\"https:\/\/www.arminsabol.com\/index.php\/bio\/#webpage\",\"url\":\"https:\/\/www.arminsabol.com\/index.php\/bio\/\",\"name\":\"Bio - Armin Sabol\",\"isPartOf\":{\"@id\":\"https:\/\/www.arminsabol.com\/#website\"},\"datePublished\":\"2016-05-14T12:43:48+00:00\",\"dateModified\":\"2023-01-24T18:31:54+00:00\",\"breadcrumb\":{\"@id\":\"https:\/\/www.arminsabol.com\/index.php\/bio\/#breadcrumb\"},\"inLanguage\":\"en-US\",\"potentialAction\":[{\"@type\":\"ReadAction\",\"target\":[\"https:\/\/www.arminsabol.com\/index.php\/bio\/\"]}]},{\"@type\":\"BreadcrumbList\",\"@id\":\"https:\/\/www.arminsabol.com\/index.php\/bio\/#breadcrumb\",\"itemListElement\":[{\"@type\":\"ListItem\",\"position\":1,\"name\":\"Home\",\"item\":\"https:\/\/www.arminsabol.com\/\"},{\"@type\":\"ListItem\",\"position\":2,\"name\":\"Bio\"}]}]}<\/script>\n<!-- \/ Yoast SEO plugin. -->","yoast_head_json":{"title":"Bio - Armin Sabol","robots":{"index":"index","follow":"follow","max-snippet":"max-snippet:-1","max-image-preview":"max-image-preview:large","max-video-preview":"max-video-preview:-1"},"canonical":"https:\/\/www.arminsabol.com\/index.php\/bio\/","og_locale":"en_US","og_type":"article","og_title":"Bio - Armin Sabol","og_description":"(English version see below) 1977 gr\u00fcndet Armin Sabol mit Mat Sinner die Band SHIVA. Zusammen mit unterschiedlichen Drummern tourt das","og_url":"https:\/\/www.arminsabol.com\/index.php\/bio\/","og_site_name":"Armin Sabol","article_modified_time":"2023-01-24T18:31:54+00:00","twitter_card":"summary","twitter_misc":{"Est. reading time":"8 minutes"},"schema":{"@context":"https:\/\/schema.org","@graph":[{"@type":"WebSite","@id":"https:\/\/www.arminsabol.com\/#website","url":"https:\/\/www.arminsabol.com\/","name":"Armin Sabol","description":"Armin Sabol&#039;s Website","potentialAction":[{"@type":"SearchAction","target":{"@type":"EntryPoint","urlTemplate":"https:\/\/www.arminsabol.com\/?s={search_term_string}"},"query-input":"required name=search_term_string"}],"inLanguage":"en-US"},{"@type":"WebPage","@id":"https:\/\/www.arminsabol.com\/index.php\/bio\/#webpage","url":"https:\/\/www.arminsabol.com\/index.php\/bio\/","name":"Bio - Armin Sabol","isPartOf":{"@id":"https:\/\/www.arminsabol.com\/#website"},"datePublished":"2016-05-14T12:43:48+00:00","dateModified":"2023-01-24T18:31:54+00:00","breadcrumb":{"@id":"https:\/\/www.arminsabol.com\/index.php\/bio\/#breadcrumb"},"inLanguage":"en-US","potentialAction":[{"@type":"ReadAction","target":["https:\/\/www.arminsabol.com\/index.php\/bio\/"]}]},{"@type":"BreadcrumbList","@id":"https:\/\/www.arminsabol.com\/index.php\/bio\/#breadcrumb","itemListElement":[{"@type":"ListItem","position":1,"name":"Home","item":"https:\/\/www.arminsabol.com\/"},{"@type":"ListItem","position":2,"name":"Bio"}]}]}},"_links":{"self":[{"href":"https:\/\/www.arminsabol.com\/index.php\/wp-json\/wp\/v2\/pages\/2"}],"collection":[{"href":"https:\/\/www.arminsabol.com\/index.php\/wp-json\/wp\/v2\/pages"}],"about":[{"href":"https:\/\/www.arminsabol.com\/index.php\/wp-json\/wp\/v2\/types\/page"}],"author":[{"embeddable":true,"href":"https:\/\/www.arminsabol.com\/index.php\/wp-json\/wp\/v2\/users\/1"}],"replies":[{"embeddable":true,"href":"https:\/\/www.arminsabol.com\/index.php\/wp-json\/wp\/v2\/comments?post=2"}],"version-history":[{"count":17,"href":"https:\/\/www.arminsabol.com\/index.php\/wp-json\/wp\/v2\/pages\/2\/revisions"}],"predecessor-version":[{"id":628,"href":"https:\/\/www.arminsabol.com\/index.php\/wp-json\/wp\/v2\/pages\/2\/revisions\/628"}],"wp:attachment":[{"href":"https:\/\/www.arminsabol.com\/index.php\/wp-json\/wp\/v2\/media?parent=2"}],"curies":[{"name":"wp","href":"https:\/\/api.w.org\/{rel}","templated":true}]}}